{"id":259,"date":"2018-11-03T16:52:10","date_gmt":"2018-11-03T20:52:10","guid":{"rendered":"https:\/\/dbvision360.com\/Blog\/?page_id=259"},"modified":"2019-04-28T21:08:14","modified_gmt":"2019-04-29T01:08:14","slug":"accueil","status":"publish","type":"page","link":"https:\/\/dbvision360.com\/Blog\/","title":{"rendered":"ACCUEIL"},"content":{"rendered":"Un beau projet! Il y a quelques mois, j&rsquo;ai eu le d\u00e9sir de faire un blog sur mes passe-temps pr\u00e9f\u00e9r\u00e9s: faire des randonn\u00e9es p\u00e9destres, naviguer sur les rivi\u00e8res en kayak, faire l&rsquo;observation des oiseaux et de la nature ainsi que de la photographie.Je pr\u00e9f\u00e8re le publier sur ce blog parce \u00e7a me semble un meilleur m\u00e9dia pour rassembler mes id\u00e9es et les partager. Sur ce blog et au cours des prochaines semaines, je partagerai des r\u00e9sum\u00e9s de mes excursions en kayak, de mes randonn\u00e9es p\u00e9destres ainsi que des photos et vid\u00e9os de mes randonn\u00e9es. Vous pourrez \u00e9crire des commentaires. Je <a href=\"https:\/\/dbvision360.com\/Blog\/\" class=\"more-link\">(suite\u2026)<\/a>","protected":false},"excerpt":{"rendered":"<p>Un beau projet! Il y a quelques mois, j&rsquo;ai eu le d\u00e9sir de faire un blog sur mes passe-temps pr\u00e9f\u00e9r\u00e9s:&hellip; <\/p>\n","protected":false},"author":1,"featured_media":0,"parent":0,"menu_order":0,"comment_status":"closed","ping_status":"closed","template":"","meta":{"ngg_post_thumbnail":0,"footnotes":""},"class_list":["post-259","page","type-page","status-publish","hentry"],"_links":{"self":[{"href":"https:\/\/dbvision360.com\/Blog\/wp-json\/wp\/v2\/pages\/259","targetHints":{"allow":["GET"]}}],"collection":[{"href":"https:\/\/dbvision360.com\/Blog\/wp-json\/wp\/v2\/pages"}],"about":[{"href":"https:\/\/dbvision360.com\/Blog\/wp-json\/wp\/v2\/types\/page"}],"author":[{"embeddable":true,"href":"https:\/\/dbvision360.com\/Blog\/wp-json\/wp\/v2\/users\/1"}],"replies":[{"embeddable":true,"href":"https:\/\/dbvision360.com\/Blog\/wp-json\/wp\/v2\/comments?post=259"}],"version-history":[{"count":50,"href":"https:\/\/dbvision360.com\/Blog\/wp-json\/wp\/v2\/pages\/259\/revisions"}],"predecessor-version":[{"id":997,"href":"https:\/\/dbvision360.com\/Blog\/wp-json\/wp\/v2\/pages\/259\/revisions\/997"}],"wp:attachment":[{"href":"https:\/\/dbvision360.com\/Blog\/wp-json\/wp\/v2\/media?parent=259"}],"curies":[{"name":"wp","href":"https:\/\/api.w.org\/{rel}","templated":true}]}}