{"id":284,"date":"2018-11-09T20:50:35","date_gmt":"2018-11-10T01:50:35","guid":{"rendered":"https:\/\/dbvision360.com\/Blog\/?page_id=284"},"modified":"2019-01-19T17:10:51","modified_gmt":"2019-01-19T22:10:51","slug":"politique-de-confidentialite","status":"publish","type":"page","link":"https:\/\/dbvision360.com\/Blog\/politique-de-confidentialite\/","title":{"rendered":"Conditions d&rsquo;utilisation"},"content":{"rendered":"Conditions d&rsquo;utilisation En utilisant et en acc\u00e9dant \u00e0 ce site Web, dbvision360.com (collectivement appel\u00e9 le \u00abSite\u00bb ou \u00abBlog dbVision360\u00bb dans les pr\u00e9sentes Conditions d&rsquo;utilisation), vous (\u00abvous\u00bb, \u00abutilisateur\u00bb ou \u00abutilisateur final\u00bb) acceptez ces conditions. Conditions d&rsquo;utilisation (collectivement, les \u00abConditions d&rsquo;utilisation\u00bb). SI VOUS N&rsquo;ACCEPTEZ PAS LES CONDITIONS DES PR\u00c9SENTES CONDITIONS D&rsquo;UTILISATION, ARR\u00caTEZ IMM\u00c9DIATEMENT D&rsquo;ACC\u00c9DER \u00c0 CE SITE. Qui sommes-nous\u00a0? L\u2019adresse du site Web est\u00a0: https:\/\/dbvision360.com\/Blog. Utilisation des donn\u00e9es personnelles collect\u00e9es Commentaires Quand vous laissez un commentaire sur notre site web, les donn\u00e9es inscrites dans le formulaire de commentaire, mais aussi votre adresse IP et l\u2019agent utilisateur de votre navigateur sont collect\u00e9s pour <a href=\"https:\/\/dbvision360.com\/Blog\/politique-de-confidentialite\/\" class=\"more-link\">(suite\u2026)<\/a>","protected":false},"excerpt":{"rendered":"<p>Conditions d&rsquo;utilisation En utilisant et en acc\u00e9dant \u00e0 ce site Web, dbvision360.com (collectivement appel\u00e9 le \u00abSite\u00bb ou \u00abBlog dbVision360\u00bb dans&hellip; <\/p>\n","protected":false},"author":1,"featured_media":0,"parent":0,"menu_order":0,"comment_status":"closed","ping_status":"closed","template":"","meta":{"ngg_post_thumbnail":0,"footnotes":""},"class_list":["post-284","page","type-page","status-publish","hentry"],"_links":{"self":[{"href":"https:\/\/dbvision360.com\/Blog\/wp-json\/wp\/v2\/pages\/284","targetHints":{"allow":["GET"]}}],"collection":[{"href":"https:\/\/dbvision360.com\/Blog\/wp-json\/wp\/v2\/pages"}],"about":[{"href":"https:\/\/dbvision360.com\/Blog\/wp-json\/wp\/v2\/types\/page"}],"author":[{"embeddable":true,"href":"https:\/\/dbvision360.com\/Blog\/wp-json\/wp\/v2\/users\/1"}],"replies":[{"embeddable":true,"href":"https:\/\/dbvision360.com\/Blog\/wp-json\/wp\/v2\/comments?post=284"}],"version-history":[{"count":11,"href":"https:\/\/dbvision360.com\/Blog\/wp-json\/wp\/v2\/pages\/284\/revisions"}],"predecessor-version":[{"id":460,"href":"https:\/\/dbvision360.com\/Blog\/wp-json\/wp\/v2\/pages\/284\/revisions\/460"}],"wp:attachment":[{"href":"https:\/\/dbvision360.com\/Blog\/wp-json\/wp\/v2\/media?parent=284"}],"curies":[{"name":"wp","href":"https:\/\/api.w.org\/{rel}","templated":true}]}}